{"id":99,"date":"2021-04-03T14:19:30","date_gmt":"2021-04-03T12:19:30","guid":{"rendered":"https:\/\/mariuszswiec.pl\/?page_id=99"},"modified":"2021-04-03T14:19:30","modified_gmt":"2021-04-03T12:19:30","slug":"badanie-usg-genetyczne","status":"publish","type":"page","link":"https:\/\/mariuszswiec.pl\/?page_id=99","title":{"rendered":"badanie usg (genetyczne)"},"content":{"rendered":"\n<div class=\"wp-block-themeisle-blocks-advanced-columns has-1-columns has-desktop-equal-layout has-tablet-equal-layout has-mobile-equal-layout has-default-gap has-vertical-unset\" id=\"wp-block-themeisle-blocks-advanced-columns-180258cf\"><div class=\"wp-block-themeisle-blocks-advanced-columns-overlay\"><\/div><div class=\"innerblocks-wrap\">\n<div class=\"wp-block-themeisle-blocks-advanced-column\" id=\"wp-block-themeisle-blocks-advanced-column-132394c9\">\n<p><strong>Badanie USG genetyczne w I trymestrze ci\u0105\u017cy<\/strong><\/p>\n\n\n\n<p>Badanie USG wykonuje si\u0119 pomi\u0119dzy 11+0\u201313+6 tygodniem ci\u0105\u017cy. Przeprowadzane jest sond\u0105 przezbrzuszn\u0105 i sond\u0105 dopochwow\u0105.<\/p>\n\n\n\n<p>Badanie USG obejmuje:<\/p>\n\n\n\n<ul><li>pomiary biometryczne CRL \u2013 pomiar d\u0142ugo\u015bci ciemieniowo \u2013 siedzeniowej (pomiar od g\u0142owy p\u0142odu do po\u015bladk\u00f3w), ocenia on i weryfikuje wiek ci\u0105\u017cy<\/li><li>badanie anatomii p\u0142odu: \u2022 czaszka &#8211; m\u00f3zgowie \u2022 twarzoczaszka \u2013 profil twarzy \u2022 \u015bciany pow\u0142ok jamy brzusznej \u2013 uwidocznienie przyczepu p\u0119powiny, \u2022 po\u0142o\u017cenie \u017co\u0142\u0105dka \u2013 po stronie lewej pod przepon\u0105 \u2022 serce p\u0142odu \u2013 lokalizacja, o\u015b i cz\u0119sto\u015b\u0107 rytmu serca \u2022 p\u0119cherz moczowy (w cz\u0119\u015bci prawid\u0142owych ci\u0105\u017c mo\u017ce by\u0107 trudny do uwidocznienia) \u2022 ko\u0144czyny g\u00f3rne i dolne \u2022 ocena kosm\u00f3wkowo\u015bci i owodniowo\u015bci w ci\u0105\u017cy mnogiej<\/li><\/ul>\n\n\n\n<p>Badanie USG mo\u017cna rozszerzy\u0107 o <strong>Test Podw\u00f3jny<\/strong>. Jest to nieinwazyjne badanie przesiewowe w kierunku oceny ryzyka wyst\u0105pienia najcz\u0119stszych aberracji chromosomowych (trisomii 21, 18,13). Polega na pobraniu krwi i wprowadzeniu warto\u015bci bia\u0142ek, wywiadu i marker\u00f3w ultrasonograficznych do certyfikowanego programu FMF (Fetal Medicine Fundation). Program nast\u0119pnie wylicza ryzyko wyst\u0105pienia najcz\u0119stszych zespo\u0142\u00f3w genetycznych (zesp\u00f3\u0142 Downa, zesp\u00f3\u0142 Edwardsa, zesp\u00f3\u0142 Pataua)<\/p>\n<\/div>\n<\/div><\/div>\n","protected":false},"excerpt":{"rendered":"","protected":false},"author":1,"featured_media":0,"parent":0,"menu_order":0,"comment_status":"closed","ping_status":"closed","template":"","meta":{"spay_email":""},"_links":{"self":[{"href":"https:\/\/mariuszswiec.pl\/index.php?rest_route=\/wp\/v2\/pages\/99"}],"collection":[{"href":"https:\/\/mariuszswiec.pl\/index.php?rest_route=\/wp\/v2\/pages"}],"about":[{"href":"https:\/\/mariuszswiec.pl\/index.php?rest_route=\/wp\/v2\/types\/page"}],"author":[{"embeddable":true,"href":"https:\/\/mariuszswiec.pl\/index.php?rest_route=\/wp\/v2\/users\/1"}],"replies":[{"embeddable":true,"href":"https:\/\/mariuszswiec.pl\/index.php?rest_route=%2Fwp%2Fv2%2Fcomments&post=99"}],"version-history":[{"count":2,"href":"https:\/\/mariuszswiec.pl\/index.php?rest_route=\/wp\/v2\/pages\/99\/revisions"}],"predecessor-version":[{"id":101,"href":"https:\/\/mariuszswiec.pl\/index.php?rest_route=\/wp\/v2\/pages\/99\/revisions\/101"}],"wp:attachment":[{"href":"https:\/\/mariuszswiec.pl\/index.php?rest_route=%2Fwp%2Fv2%2Fmedia&parent=99"}],"curies":[{"name":"wp","href":"https:\/\/api.w.org\/{rel}","templated":true}]}}