{"id":90,"date":"2021-04-03T14:12:26","date_gmt":"2021-04-03T12:12:26","guid":{"rendered":"https:\/\/mariuszswiec.pl\/?page_id=90"},"modified":"2021-06-05T12:07:06","modified_gmt":"2021-06-05T10:07:06","slug":"rejestracja","status":"publish","type":"page","link":"https:\/\/mariuszswiec.pl\/?page_id=90","title":{"rendered":"REJESTRACJA"},"content":{"rendered":"<p>&nbsp;<\/p>\r\n\r\n<p>&nbsp;<\/p>\r\n<p>&nbsp;<\/p>\r\n<p>Wizyty umawiane s\u0105 telefonicznie w godzinach 10-18 od poniedzia\u0142ku do pi\u0105tku.<\/p>\r\n<p>(w razie niemo\u017cno\u015bci dodzwonienia si\u0119 &#8211; prosimy o wiadomo\u015b\u0107 SMS)<\/p>\r\n<p>Tel: 782-513-127, 606-409-545\u00a0<\/p>\r\n<p><a href=\"http:\/\/www.mariuszswiec.pl\/\">www.mariuszswiec.pl<\/a><\/p>\r\n<p><\/p>\r\n<p>&nbsp;<\/p>\r\n<p><!-- \/wp:themeisle-blocks\/advanced-column --><\/p>\r\n<p><!-- \/wp:themeisle-blocks\/advanced-columns --><\/p>","protected":false},"excerpt":{"rendered":"<p>&nbsp; &nbsp;<\/p>\n","protected":false},"author":1,"featured_media":0,"parent":0,"menu_order":0,"comment_status":"closed","ping_status":"closed","template":"","meta":{"spay_email":""},"_links":{"self":[{"href":"https:\/\/mariuszswiec.pl\/index.php?rest_route=\/wp\/v2\/pages\/90"}],"collection":[{"href":"https:\/\/mariuszswiec.pl\/index.php?rest_route=\/wp\/v2\/pages"}],"about":[{"href":"https:\/\/mariuszswiec.pl\/index.php?rest_route=\/wp\/v2\/types\/page"}],"author":[{"embeddable":true,"href":"https:\/\/mariuszswiec.pl\/index.php?rest_route=\/wp\/v2\/users\/1"}],"replies":[{"embeddable":true,"href":"https:\/\/mariuszswiec.pl\/index.php?rest_route=%2Fwp%2Fv2%2Fcomments&post=90"}],"version-history":[{"count":9,"href":"https:\/\/mariuszswiec.pl\/index.php?rest_route=\/wp\/v2\/pages\/90\/revisions"}],"predecessor-version":[{"id":164,"href":"https:\/\/mariuszswiec.pl\/index.php?rest_route=\/wp\/v2\/pages\/90\/revisions\/164"}],"wp:attachment":[{"href":"https:\/\/mariuszswiec.pl\/index.php?rest_route=%2Fwp%2Fv2%2Fmedia&parent=90"}],"curies":[{"name":"wp","href":"https:\/\/api.w.org\/{rel}","templated":true}]}}