{"id":70,"date":"2021-03-22T13:35:26","date_gmt":"2021-03-22T12:35:26","guid":{"rendered":"https:\/\/mariuszswiec.pl\/?page_id=70"},"modified":"2021-03-22T13:35:26","modified_gmt":"2021-03-22T12:35:26","slug":"badania-usg-ciazy","status":"publish","type":"page","link":"https:\/\/mariuszswiec.pl\/?page_id=70","title":{"rendered":"Badania USG ci\u0105\u017cy"},"content":{"rendered":"\n<div class=\"wp-block-themeisle-blocks-advanced-columns has-1-columns has-desktop-equal-layout has-tablet-equal-layout has-mobile-equal-layout has-default-gap has-vertical-unset\" id=\"wp-block-themeisle-blocks-advanced-columns-eb77cdd4\" style=\"border-width:0px;border-style:solid;border-color:#000000;border-radius:0px;justify-content:unset\"><div class=\"wp-themeisle-block-overlay\" style=\"opacity:0.5;mix-blend-mode:normal\"><\/div><div class=\"innerblocks-wrap\">\n<div class=\"wp-block-themeisle-blocks-advanced-column\" id=\"wp-block-themeisle-blocks-advanced-column-a349cc23\" style=\"border-width:0px;border-style:solid;border-color:#000000;border-radius:0px\">\n<p>Badania prenatalne s\u0105 wykonywane zgodnie z Rekomendacjami\nSekcji Ultrasonografii Polskiego Towarzystwa Ginekolog\u00f3w i Po\u0142o\u017cnik\u00f3w w\nzakresie przesiewowej diagnostyki ultrasonograficznej w ci\u0105\u017cy o przebiegu\nprawid\u0142owym z&nbsp; 2020 r.<\/p>\n\n\n\n<p>&nbsp;&nbsp;&nbsp;&nbsp;&nbsp;&nbsp;&nbsp;&nbsp;&nbsp;&nbsp;&nbsp;&nbsp;&nbsp;&nbsp; \u201ePodstawowym\ncelem bada\u0144 ultrasonograficznych w ci\u0105\u017cy jest zminimalizowanie wyst\u0105pienia\nniekorzystnych wynik\u00f3w po\u0142o\u017cniczych, mog\u0105cych wyst\u0105pi\u0107 na skutek nierozpoznania\nwady wrodzonej u p\u0142odu, niedojrza\u0142o\u015bci p\u0142odu lub innych zaburze\u0144\nwewn\u0105trzmacicznych. Zadaniem wykonuj\u0105cego przesiewowe badanie USG jest\nskierowanie ci\u0119\u017carnej do o\u015brodka referencyjnego w ka\u017cdym przypadku w\u0105tpliwo\u015bci\ndiagnostycznych lub podejrzenia nieprawid\u0142owego rozwoju p\u0142odu. \u201e(Rekomendacje\nPTGoP z 2020r.)<\/p>\n<\/div>\n<\/div><\/div>\n","protected":false},"excerpt":{"rendered":"","protected":false},"author":1,"featured_media":0,"parent":0,"menu_order":0,"comment_status":"closed","ping_status":"closed","template":"","meta":{"spay_email":""},"_links":{"self":[{"href":"https:\/\/mariuszswiec.pl\/index.php?rest_route=\/wp\/v2\/pages\/70"}],"collection":[{"href":"https:\/\/mariuszswiec.pl\/index.php?rest_route=\/wp\/v2\/pages"}],"about":[{"href":"https:\/\/mariuszswiec.pl\/index.php?rest_route=\/wp\/v2\/types\/page"}],"author":[{"embeddable":true,"href":"https:\/\/mariuszswiec.pl\/index.php?rest_route=\/wp\/v2\/users\/1"}],"replies":[{"embeddable":true,"href":"https:\/\/mariuszswiec.pl\/index.php?rest_route=%2Fwp%2Fv2%2Fcomments&post=70"}],"version-history":[{"count":1,"href":"https:\/\/mariuszswiec.pl\/index.php?rest_route=\/wp\/v2\/pages\/70\/revisions"}],"predecessor-version":[{"id":71,"href":"https:\/\/mariuszswiec.pl\/index.php?rest_route=\/wp\/v2\/pages\/70\/revisions\/71"}],"wp:attachment":[{"href":"https:\/\/mariuszswiec.pl\/index.php?rest_route=%2Fwp%2Fv2%2Fmedia&parent=70"}],"curies":[{"name":"wp","href":"https:\/\/api.w.org\/{rel}","templated":true}]}}