{"id":7,"date":"2018-08-09T08:43:43","date_gmt":"2018-08-09T06:43:43","guid":{"rendered":"http:\/\/mariuszswiec.pl\/?page_id=7"},"modified":"2021-03-22T13:39:09","modified_gmt":"2021-03-22T12:39:09","slug":"dr-n-med-mariusz-swiec","status":"publish","type":"page","link":"https:\/\/mariuszswiec.pl\/?page_id=7","title":{"rendered":"Prowadzenie ci\u0105\u017cy i USG"},"content":{"rendered":"\n<p>Dr n. med. Mariusz \u015awi\u0119c<\/p>\n\n\n\n<p>Ceniony ginekolog-po\u0142o\u017cnik oraz ultrasonografista .<\/p>\n\n\n\n<p>Absolwent Wydzia\u0142u Lekarskiego Akademii Medycznej w Bia\u0142ymstoku<\/p>\n\n\n\n<h4><\/h4>\n\n\n\n<p>Specjalista po\u0142o\u017cnictwa i ginekologii z ponad 20 letnim do\u015bwiadczeniem w prowadzeniu pacjentek w ci\u0105\u017cy.<br>Specjalizuje si\u0119 w badaniach ultrasonograficznych oraz w badaniach pranatalnych.<\/p>\n\n\n\n<p>Opinie na portalu Znany Lekarz<\/p>\n\n\n\n<figure class=\"wp-block-image\"><img src=\"https:\/\/klinikabocian.pl\/images\/svg\/stars_full.svg\" alt=\"\"\/><\/figure>\n\n\n\n<p>22 opinii<\/p>\n\n\n\n<ul class=\"wp-block-gallery columns-3 is-cropped\"><li class=\"blocks-gallery-item\"><figure><img loading=\"lazy\" width=\"200\" height=\"150\" src=\"http:\/\/mariuszswiec.pl\/wp-content\/uploads\/2018\/08\/11126_1-1.jpg\" alt=\"\" data-id=\"16\" data-link=\"http:\/\/mariuszswiec.pl\/?attachment_id=16\" class=\"wp-image-16\"\/><\/figure><\/li><li class=\"blocks-gallery-item\"><figure><img loading=\"lazy\" width=\"200\" height=\"150\" src=\"http:\/\/mariuszswiec.pl\/wp-content\/uploads\/2018\/08\/11126b.jpg\" alt=\"\" data-id=\"17\" data-link=\"http:\/\/mariuszswiec.pl\/?attachment_id=17\" class=\"wp-image-17\"\/><\/figure><\/li><li class=\"blocks-gallery-item\"><figure><img loading=\"lazy\" width=\"800\" height=\"430\" src=\"http:\/\/mariuszswiec.pl\/wp-content\/uploads\/2018\/08\/IMG_5208.jpg\" alt=\"\" data-id=\"18\" data-link=\"http:\/\/mariuszswiec.pl\/?attachment_id=18\" class=\"wp-image-18\" srcset=\"https:\/\/mariuszswiec.pl\/wp-content\/uploads\/2018\/08\/IMG_5208.jpg 800w, https:\/\/mariuszswiec.pl\/wp-content\/uploads\/2018\/08\/IMG_5208-300x161.jpg 300w, https:\/\/mariuszswiec.pl\/wp-content\/uploads\/2018\/08\/IMG_5208-768x413.jpg 768w\" sizes=\"(max-width: 800px) 100vw, 800px\" \/><\/figure><\/li><\/ul>\n\n\n\n<h2>O mnie<\/h2>\n\n\n\n<ul><li>Specjalista po\u0142o\u017cnictwa i ginekologii z wieloletni\u0105 praktyk\u0105. Asystent i pracownik naukowo-dydaktyczny Kliniki Po\u0142o\u017cnictwa i Perinatologii Instytutu Po\u0142o\u017cnictwa i Chor\u00f3b Kobiecych Akademii Medycznej w Bia\u0142ymstoku.&nbsp;Rozprawa doktorska w zakresie ultrasonografii perinatologicznej \u015bci\u015ble zwi\u0105zana z zaburzeniami wewn\u0105trzmacicznego wzrostu p\u0142odu. Starszy asystent w Poliklinice Ministerstwa Spraw Wewn\u0119trznych i Administracji w Bia\u0142ymstoku. Konsultant w zakresie po\u0142o\u017cnictwa i ginekologii w Szpitalu Miejskim w Bia\u0142ymstoku. Uhonorowany tytu\u0142em Lekarz Przyjacielem Kobiety otrzymanym z r\u0105k Jolanty Kwa\u015bniewskiej &#8211; Honorowego Patrona Fundacji Narodowej Koalicji do Walki z Rakiem Piersi.&nbsp;Do\u015bwiadczenie w praktyce prywatnej od 1994 roku. Ustawiczne podnoszenie kwalifikacji zawodowych w oparciu o liczne szkolenia, kursy i kongresy w zakresie specjalizacji.<\/li><\/ul>\n","protected":false},"excerpt":{"rendered":"<p>Dr n. med. Mariusz \u015awi\u0119c Ceniony ginekolog-po\u0142o\u017cnik oraz ultrasonografista . Absolwent Wydzia\u0142u Lekarskiego Akademii Medycznej w Bia\u0142ymstoku Specjalista po\u0142o\u017cnictwa i ginekologii z ponad 20 letnim do\u015bwiadczeniem w prowadzeniu pacjentek w ci\u0105\u017cy.Specjalizuje si\u0119 w badaniach ultrasonograficznych oraz w badaniach pranatalnych. Opinie na portalu Znany Lekarz 22 opinii O mnie Specjalista po\u0142o\u017cnictwa i ginekologii z wieloletni\u0105 praktyk\u0105.&hellip;<a href=\"https:\/\/mariuszswiec.pl\/?page_id=7\" class=\"more-link\">Continue reading <span class=\"screen-reader-text\">Prowadzenie ci\u0105\u017cy i USG<\/span><\/a><\/p>\n","protected":false},"author":1,"featured_media":13,"parent":0,"menu_order":0,"comment_status":"closed","ping_status":"closed","template":"","meta":{"spay_email":""},"_links":{"self":[{"href":"https:\/\/mariuszswiec.pl\/index.php?rest_route=\/wp\/v2\/pages\/7"}],"collection":[{"href":"https:\/\/mariuszswiec.pl\/index.php?rest_route=\/wp\/v2\/pages"}],"about":[{"href":"https:\/\/mariuszswiec.pl\/index.php?rest_route=\/wp\/v2\/types\/page"}],"author":[{"embeddable":true,"href":"https:\/\/mariuszswiec.pl\/index.php?rest_route=\/wp\/v2\/users\/1"}],"replies":[{"embeddable":true,"href":"https:\/\/mariuszswiec.pl\/index.php?rest_route=%2Fwp%2Fv2%2Fcomments&post=7"}],"version-history":[{"count":11,"href":"https:\/\/mariuszswiec.pl\/index.php?rest_route=\/wp\/v2\/pages\/7\/revisions"}],"predecessor-version":[{"id":72,"href":"https:\/\/mariuszswiec.pl\/index.php?rest_route=\/wp\/v2\/pages\/7\/revisions\/72"}],"wp:featuredmedia":[{"embeddable":true,"href":"https:\/\/mariuszswiec.pl\/index.php?rest_route=\/wp\/v2\/media\/13"}],"wp:attachment":[{"href":"https:\/\/mariuszswiec.pl\/index.php?rest_route=%2Fwp%2Fv2%2Fmedia&parent=7"}],"curies":[{"name":"wp","href":"https:\/\/api.w.org\/{rel}","templated":true}]}}