{"id":117,"date":"2021-04-03T14:32:09","date_gmt":"2021-04-03T12:32:09","guid":{"rendered":"https:\/\/mariuszswiec.pl\/?page_id=117"},"modified":"2021-04-03T14:32:20","modified_gmt":"2021-04-03T12:32:20","slug":"certyfikaty","status":"publish","type":"page","link":"https:\/\/mariuszswiec.pl\/?page_id=117","title":{"rendered":"certyfikaty"},"content":{"rendered":"\n<div class=\"wp-block-themeisle-blocks-advanced-columns has-1-columns has-desktop-equal-layout has-tablet-equal-layout has-mobile-equal-layout has-default-gap has-vertical-unset\" id=\"wp-block-themeisle-blocks-advanced-columns-9cd92bd6\"><div class=\"wp-block-themeisle-blocks-advanced-columns-overlay\"><\/div><div class=\"innerblocks-wrap\">\n<div class=\"wp-block-themeisle-blocks-advanced-column\" id=\"wp-block-themeisle-blocks-advanced-column-7f08a037\">\n<p>W ci\u0105gu d\u0142ugoletniej kariery zawodowej podnosimy swoje kwalifikacje poprzez udzia\u0142 w licznych sympozjach, konferencjach i szkoleniach naukowych. Poni\u017cej przedstawiamy przyk\u0142adowe certyfikaty.<\/p>\n\n\n\n<figure class=\"wp-block-image size-large is-style-rounded\"><img loading=\"lazy\" width=\"412\" height=\"240\" src=\"https:\/\/mariuszswiec.pl\/wp-content\/uploads\/2021\/04\/image.png\" alt=\"\" class=\"wp-image-118\" srcset=\"https:\/\/mariuszswiec.pl\/wp-content\/uploads\/2021\/04\/image.png 412w, https:\/\/mariuszswiec.pl\/wp-content\/uploads\/2021\/04\/image-300x175.png 300w\" sizes=\"(max-width: 412px) 100vw, 412px\" \/><\/figure>\n<\/div>\n<\/div><\/div>\n\n\n\n<p><\/p>\n","protected":false},"excerpt":{"rendered":"","protected":false},"author":1,"featured_media":0,"parent":0,"menu_order":0,"comment_status":"closed","ping_status":"closed","template":"","meta":{"spay_email":""},"_links":{"self":[{"href":"https:\/\/mariuszswiec.pl\/index.php?rest_route=\/wp\/v2\/pages\/117"}],"collection":[{"href":"https:\/\/mariuszswiec.pl\/index.php?rest_route=\/wp\/v2\/pages"}],"about":[{"href":"https:\/\/mariuszswiec.pl\/index.php?rest_route=\/wp\/v2\/types\/page"}],"author":[{"embeddable":true,"href":"https:\/\/mariuszswiec.pl\/index.php?rest_route=\/wp\/v2\/users\/1"}],"replies":[{"embeddable":true,"href":"https:\/\/mariuszswiec.pl\/index.php?rest_route=%2Fwp%2Fv2%2Fcomments&post=117"}],"version-history":[{"count":2,"href":"https:\/\/mariuszswiec.pl\/index.php?rest_route=\/wp\/v2\/pages\/117\/revisions"}],"predecessor-version":[{"id":120,"href":"https:\/\/mariuszswiec.pl\/index.php?rest_route=\/wp\/v2\/pages\/117\/revisions\/120"}],"wp:attachment":[{"href":"https:\/\/mariuszswiec.pl\/index.php?rest_route=%2Fwp%2Fv2%2Fmedia&parent=117"}],"curies":[{"name":"wp","href":"https:\/\/api.w.org\/{rel}","templated":true}]}}