{"id":115,"date":"2021-04-03T14:30:31","date_gmt":"2021-04-03T12:30:31","guid":{"rendered":"https:\/\/mariuszswiec.pl\/?page_id=115"},"modified":"2021-04-03T14:30:31","modified_gmt":"2021-04-03T12:30:31","slug":"nagrywanie-filmu-usg-3d-4d","status":"publish","type":"page","link":"https:\/\/mariuszswiec.pl\/?page_id=115","title":{"rendered":"Nagrywanie filmu USG 3D\/4D"},"content":{"rendered":"\n<div class=\"wp-block-themeisle-blocks-advanced-columns has-1-columns has-desktop-equal-layout has-tablet-equal-layout has-mobile-equal-layout has-default-gap has-vertical-unset\" id=\"wp-block-themeisle-blocks-advanced-columns-7fcfc634\"><div class=\"wp-block-themeisle-blocks-advanced-columns-overlay\"><\/div><div class=\"innerblocks-wrap\">\n<div class=\"wp-block-themeisle-blocks-advanced-column\" id=\"wp-block-themeisle-blocks-advanced-column-38479d19\">\n<p>W Gabinecie mo\u017cliwa jest dokumentacja obrazu USG w postaci nagranego filmu w trakcie przeprowadzanego badania USG. Pacjenci zainteresowani otrzymaniem takiej pami\u0105tki z badania proszeni s\u0105 o poinformowanie o tym fakcie lekarza, po\u0142o\u017cnej przed lub w trakcie badania USG. Koszt nagrania badania USG 3D\/4D wynosi 70 z\u0142.<\/p>\n<\/div>\n<\/div><\/div>\n","protected":false},"excerpt":{"rendered":"","protected":false},"author":1,"featured_media":0,"parent":0,"menu_order":0,"comment_status":"closed","ping_status":"closed","template":"","meta":{"spay_email":""},"_links":{"self":[{"href":"https:\/\/mariuszswiec.pl\/index.php?rest_route=\/wp\/v2\/pages\/115"}],"collection":[{"href":"https:\/\/mariuszswiec.pl\/index.php?rest_route=\/wp\/v2\/pages"}],"about":[{"href":"https:\/\/mariuszswiec.pl\/index.php?rest_route=\/wp\/v2\/types\/page"}],"author":[{"embeddable":true,"href":"https:\/\/mariuszswiec.pl\/index.php?rest_route=\/wp\/v2\/users\/1"}],"replies":[{"embeddable":true,"href":"https:\/\/mariuszswiec.pl\/index.php?rest_route=%2Fwp%2Fv2%2Fcomments&post=115"}],"version-history":[{"count":1,"href":"https:\/\/mariuszswiec.pl\/index.php?rest_route=\/wp\/v2\/pages\/115\/revisions"}],"predecessor-version":[{"id":116,"href":"https:\/\/mariuszswiec.pl\/index.php?rest_route=\/wp\/v2\/pages\/115\/revisions\/116"}],"wp:attachment":[{"href":"https:\/\/mariuszswiec.pl\/index.php?rest_route=%2Fwp%2Fv2%2Fmedia&parent=115"}],"curies":[{"name":"wp","href":"https:\/\/api.w.org\/{rel}","templated":true}]}}