{"id":113,"date":"2021-04-03T14:29:41","date_gmt":"2021-04-03T12:29:41","guid":{"rendered":"https:\/\/mariuszswiec.pl\/?page_id=113"},"modified":"2021-04-03T14:29:42","modified_gmt":"2021-04-03T12:29:42","slug":"kolposkopia","status":"publish","type":"page","link":"https:\/\/mariuszswiec.pl\/?page_id=113","title":{"rendered":"KOLPOSKOPIA"},"content":{"rendered":"\n<div class=\"wp-block-themeisle-blocks-advanced-columns has-1-columns has-desktop-equal-layout has-tablet-equal-layout has-mobile-equal-layout has-default-gap has-vertical-unset\" id=\"wp-block-themeisle-blocks-advanced-columns-bcfce051\"><div class=\"wp-block-themeisle-blocks-advanced-columns-overlay\"><\/div><div class=\"innerblocks-wrap\">\n<div class=\"wp-block-themeisle-blocks-advanced-column\" id=\"wp-block-themeisle-blocks-advanced-column-cded7d73\">\n<p>Jest to rodzaj badania ginekologicznego, kt\u00f3re polega na obejrzeniu powierzchni szyjki macicy, pochwy, sromu i&nbsp;okolic oko\u0142oodbytniczych pod du\u017cym powi\u0119kszeniem za pomoc\u0105 urz\u0105dzenia zwanego kolposkopem. Badanie kolposkopowe pozwala wykry\u0107 wczesne postacie raka szyjki macicy.<\/p>\n\n\n\n<p>Badanie kolposkopowe jest w szczeg\u00f3lno\u015bci polecane w przypadku:<\/p>\n\n\n\n<ul><li>nieprawid\u0142owych wynik\u00f3w bada\u0144 cytologicznych,<\/li><li>stwierdzenia zaka\u017cenia wirusem HPV<\/li><li>nad\u017cerki,<\/li><li>polipa szyjki macicy<\/li><li>up\u0142aw\u00f3w i nawracaj\u0105cych zapale\u0144 pochwy lub sromu<\/li><li>przed planowanymi zabiegami przeprowadzanymi na szyjce macicy np. wymra\u017caniem.<\/li><\/ul>\n\n\n\n<p>Kolposkopia jest badaniem nieinwazyjnym, niebolesnym. Wykonywana jest na fotelu ginekologicznym przez wyspecjalizowanego lekarza.<\/p>\n\n\n\n<p>Na badanie nale\u017cy umawia\u0107 si\u0119 telefonicznie.<\/p>\n<\/div>\n<\/div><\/div>\n","protected":false},"excerpt":{"rendered":"","protected":false},"author":1,"featured_media":0,"parent":0,"menu_order":0,"comment_status":"closed","ping_status":"closed","template":"","meta":{"spay_email":""},"_links":{"self":[{"href":"https:\/\/mariuszswiec.pl\/index.php?rest_route=\/wp\/v2\/pages\/113"}],"collection":[{"href":"https:\/\/mariuszswiec.pl\/index.php?rest_route=\/wp\/v2\/pages"}],"about":[{"href":"https:\/\/mariuszswiec.pl\/index.php?rest_route=\/wp\/v2\/types\/page"}],"author":[{"embeddable":true,"href":"https:\/\/mariuszswiec.pl\/index.php?rest_route=\/wp\/v2\/users\/1"}],"replies":[{"embeddable":true,"href":"https:\/\/mariuszswiec.pl\/index.php?rest_route=%2Fwp%2Fv2%2Fcomments&post=113"}],"version-history":[{"count":1,"href":"https:\/\/mariuszswiec.pl\/index.php?rest_route=\/wp\/v2\/pages\/113\/revisions"}],"predecessor-version":[{"id":114,"href":"https:\/\/mariuszswiec.pl\/index.php?rest_route=\/wp\/v2\/pages\/113\/revisions\/114"}],"wp:attachment":[{"href":"https:\/\/mariuszswiec.pl\/index.php?rest_route=%2Fwp%2Fv2%2Fmedia&parent=113"}],"curies":[{"name":"wp","href":"https:\/\/api.w.org\/{rel}","templated":true}]}}