{"id":111,"date":"2021-04-03T14:28:37","date_gmt":"2021-04-03T12:28:37","guid":{"rendered":"https:\/\/mariuszswiec.pl\/?page_id=111"},"modified":"2021-04-03T14:28:38","modified_gmt":"2021-04-03T12:28:38","slug":"testy-genetyczne-z-krwi","status":"publish","type":"page","link":"https:\/\/mariuszswiec.pl\/?page_id=111","title":{"rendered":"testy genetyczne z krwi"},"content":{"rendered":"\n<div class=\"wp-block-themeisle-blocks-advanced-columns has-1-columns has-desktop-equal-layout has-tablet-equal-layout has-mobile-equal-layout has-default-gap has-vertical-unset\" id=\"wp-block-themeisle-blocks-advanced-columns-99cd888a\"><div class=\"wp-block-themeisle-blocks-advanced-columns-overlay\"><\/div><div class=\"innerblocks-wrap\">\n<div class=\"wp-block-themeisle-blocks-advanced-column\" id=\"wp-block-themeisle-blocks-advanced-column-7146b6a8\">\n<p><strong>Test HARMONY<\/strong><\/p>\n\n\n\n<p>Test Harmony to badanie nieinwazyjne wykonywane z krwi ci\u0119\u017carnej, kt\u00f3re pozwala wykry\u0107 okre\u015blone zaburzenia chromosomalne p\u0142odu. Mo\u017cna je wykonywa\u0107 od 10 tygodnia ci\u0105\u017cy.&nbsp; Czas oczekiwania na wynik wynosi ok. 14 dni.<\/p>\n\n\n\n<p>Test prenatalny Harmony okre\u015bla prawdopodobie\u0144stwo wyst\u0119powania najcz\u0119stszych zaburze\u0144 chromosomalnych, takich jak zesp\u00f3\u0142 Downa (trisomia 21), zesp\u00f3\u0142 Edwardsa (trisomia 18) i zesp\u00f3\u0142 Patau (trisomia 13).Wykonuj\u0105c test prenatalny Harmony mo\u017cna wybra\u0107 opcj\u0119 analizy chromosom\u00f3w X i Y uzyskuj\u0105c informacj\u0119 o p\u0142ci p\u0142odu oraz o zaburzeniach liczby chromosom\u00f3w p\u0142ci.<\/p>\n\n\n\n<p><strong>Wykrywalno\u015b\u0107 nieprawid\u0142owo\u015bci w DNA p\u0142odu przy zastosowaniu badania Harmony wynosi powy\u017cej 99%.<\/strong><\/p>\n\n\n\n<p>zak\u0142adka USG piersi, USG jamy brzusznej<\/p>\n\n\n\n<p>Badania USG piersi i badania USG jamy brzusznej w Gabinecie wykonuje do\u015bwiadczona radiolog dr n. med. Marzanna Skoczy\u0144ska-Owczarczyk. Badanie USG piersiwykrywa zmiany anatomiczne (m.in. nowotwory) oraz zmiany o pod\u0142o\u017cu hormonalnym.<\/p>\n\n\n\n<p>Badania wykonywane s\u0105 w ka\u017cd\u0105 sobot\u0119 w godzinach porannych.<\/p>\n\n\n\n<p>Wizyty umawiane telefonicznie.<\/p>\n\n\n\n<p>Tel. 783-513-127<\/p>\n<\/div>\n<\/div><\/div>\n","protected":false},"excerpt":{"rendered":"","protected":false},"author":1,"featured_media":0,"parent":0,"menu_order":0,"comment_status":"closed","ping_status":"closed","template":"","meta":{"spay_email":""},"_links":{"self":[{"href":"https:\/\/mariuszswiec.pl\/index.php?rest_route=\/wp\/v2\/pages\/111"}],"collection":[{"href":"https:\/\/mariuszswiec.pl\/index.php?rest_route=\/wp\/v2\/pages"}],"about":[{"href":"https:\/\/mariuszswiec.pl\/index.php?rest_route=\/wp\/v2\/types\/page"}],"author":[{"embeddable":true,"href":"https:\/\/mariuszswiec.pl\/index.php?rest_route=\/wp\/v2\/users\/1"}],"replies":[{"embeddable":true,"href":"https:\/\/mariuszswiec.pl\/index.php?rest_route=%2Fwp%2Fv2%2Fcomments&post=111"}],"version-history":[{"count":1,"href":"https:\/\/mariuszswiec.pl\/index.php?rest_route=\/wp\/v2\/pages\/111\/revisions"}],"predecessor-version":[{"id":112,"href":"https:\/\/mariuszswiec.pl\/index.php?rest_route=\/wp\/v2\/pages\/111\/revisions\/112"}],"wp:attachment":[{"href":"https:\/\/mariuszswiec.pl\/index.php?rest_route=%2Fwp%2Fv2%2Fmedia&parent=111"}],"curies":[{"name":"wp","href":"https:\/\/api.w.org\/{rel}","templated":true}]}}