{"id":108,"date":"2021-04-03T14:25:03","date_gmt":"2021-04-03T12:25:03","guid":{"rendered":"https:\/\/mariuszswiec.pl\/?page_id=108"},"modified":"2021-04-03T14:26:56","modified_gmt":"2021-04-03T12:26:56","slug":"testy-biochemiczne-z-krwi-test-podwojny-test-papp-a-beta-hcg","status":"publish","type":"page","link":"https:\/\/mariuszswiec.pl\/?page_id=108","title":{"rendered":"testy biochemiczne z krwi"},"content":{"rendered":"\n<div class=\"wp-block-themeisle-blocks-advanced-columns has-1-columns has-desktop-equal-layout has-tablet-equal-layout has-mobile-equal-layout has-default-gap has-vertical-unset\" id=\"wp-block-themeisle-blocks-advanced-columns-034de9eb\"><div class=\"wp-block-themeisle-blocks-advanced-columns-overlay\"><\/div><div class=\"innerblocks-wrap\">\n<div class=\"wp-block-themeisle-blocks-advanced-column\" id=\"wp-block-themeisle-blocks-advanced-column-687e4b18\">\n<p><strong>Test Podw\u00f3jny\/ test PAPP-A, BETA HCG<\/strong><\/p>\n\n\n\n<p>Test zintegrowany <strong>FMF<\/strong> to ocena indywidualnego ryzyka urodzenia dziecka z anomali\u0105 chromosomaln\u0105 dzi\u0119ki po\u0142\u0105czonemu badaniu marker\u00f3w ultrasonograficznych, wchodz\u0105cych w sk\u0142ad tzw. USG genetycznego oraz biochemicznych, z krwi ci\u0119\u017carnej. Jest to nieinwazyjne badanie przesiewowe w kierunku oceny ryzyka wyst\u0105pienia najcz\u0119stszych aberracji chromosomowych takich jak zesp\u00f3\u0142 Downa, zesp\u00f3\u0142 Edwardsa, zesp\u00f3\u0142 Pataua. Wynik badania jest oceniany na podstawie aktualnej licencji Fetal Medicine Fundation i zgodnie z jej zaleceniami. Program FMF ocenia dane z wywiadu, parametry oceniane w USG oraz badanie biochemiczne z krwi.<\/p>\n<\/div>\n<\/div><\/div>\n","protected":false},"excerpt":{"rendered":"","protected":false},"author":1,"featured_media":0,"parent":0,"menu_order":0,"comment_status":"closed","ping_status":"closed","template":"","meta":{"spay_email":""},"_links":{"self":[{"href":"https:\/\/mariuszswiec.pl\/index.php?rest_route=\/wp\/v2\/pages\/108"}],"collection":[{"href":"https:\/\/mariuszswiec.pl\/index.php?rest_route=\/wp\/v2\/pages"}],"about":[{"href":"https:\/\/mariuszswiec.pl\/index.php?rest_route=\/wp\/v2\/types\/page"}],"author":[{"embeddable":true,"href":"https:\/\/mariuszswiec.pl\/index.php?rest_route=\/wp\/v2\/users\/1"}],"replies":[{"embeddable":true,"href":"https:\/\/mariuszswiec.pl\/index.php?rest_route=%2Fwp%2Fv2%2Fcomments&post=108"}],"version-history":[{"count":2,"href":"https:\/\/mariuszswiec.pl\/index.php?rest_route=\/wp\/v2\/pages\/108\/revisions"}],"predecessor-version":[{"id":110,"href":"https:\/\/mariuszswiec.pl\/index.php?rest_route=\/wp\/v2\/pages\/108\/revisions\/110"}],"wp:attachment":[{"href":"https:\/\/mariuszswiec.pl\/index.php?rest_route=%2Fwp%2Fv2%2Fmedia&parent=108"}],"curies":[{"name":"wp","href":"https:\/\/api.w.org\/{rel}","templated":true}]}}